{"id":20156,"date":"2020-05-25T18:07:12","date_gmt":"2020-05-25T16:07:12","guid":{"rendered":"https:\/\/passport-diary.com\/programme-de-partenariat-pour-le-book-comment-amenager-son-van\/"},"modified":"2020-06-23T09:50:40","modified_gmt":"2020-06-23T07:50:40","slug":"programme-de-partenariat-pour-le-book-comment-amenager-son-van","status":"publish","type":"page","link":"https:\/\/passport-diary.com\/fr\/programme-de-partenariat-pour-le-book-comment-amenager-son-van\/","title":{"rendered":"Programme de partenariat pour le livre \u00e9lectronique : Comment am\u00e9nager son van ?"},"content":{"rendered":"<div id='av_section_1'  class='avia-section av-3weyod-d5f98cb31d424e29b9a9bcaec20daa73 main_color avia-section-default avia-no-border-styling  avia-builder-el-0  avia-builder-el-no-sibling  avia-bg-style-scroll container_wrap fullsize'  ><div class='container av-section-cont-open' ><main  class='template-page content  av-content-full alpha units'><div class='post-entry post-entry-type-page post-entry-20156'><div class='entry-content-wrapper clearfix'>\n\n<style type=\"text\/css\" data-created_by=\"avia_inline_auto\" id=\"style-css-av-2aehhp-3fb55ce487cff0d55eb78b45d9db19e6\">\n.flex_column.av-2aehhp-3fb55ce487cff0d55eb78b45d9db19e6{\n-webkit-border-radius:0px 0px 0px 0px;\n-moz-border-radius:0px 0px 0px 0px;\nborder-radius:0px 0px 0px 0px;\n}\n<\/style>\n<div class='flex_column av-2aehhp-3fb55ce487cff0d55eb78b45d9db19e6 av_one_full  avia-builder-el-1  avia-builder-el-no-sibling  first flex_column_div av-zero-column-padding '     ><p>\n<style type=\"text\/css\" data-created_by=\"avia_inline_auto\" id=\"style-css-av-k8k5989d-f7b1bf40335d59b9dbae58161b0a7603\">\n#top .av-special-heading.av-k8k5989d-f7b1bf40335d59b9dbae58161b0a7603{\npadding-bottom:10px;\n}\nbody .av-special-heading.av-k8k5989d-f7b1bf40335d59b9dbae58161b0a7603 .av-special-heading-tag .heading-char{\nfont-size:25px;\n}\n.av-special-heading.av-k8k5989d-f7b1bf40335d59b9dbae58161b0a7603 .av-subheading{\nfont-size:15px;\n}\n<\/style>\n<div  class='av-special-heading av-k8k5989d-f7b1bf40335d59b9dbae58161b0a7603 av-special-heading-h1  avia-builder-el-2  el_before_av_textblock  avia-builder-el-first '><h1 class='av-special-heading-tag'  ><img decoding=\"async\" src=\"https:\/\/passport-diary.com\/wp-content\/uploads\/2020\/04\/contact-1.png\" \/>Programme de partenariat pour le livre \u00e9lectronique : Comment am\u00e9nager son van ?<\/h1><div class=\"special-heading-border\"><div class=\"special-heading-inner-border\"><\/div><\/div><\/div><br \/>\n<section  class='av_textblock_section av-k8k54xv3-2ad767e61516772b461558a4c7c2d9ab' ><div class='avia_textblock' ><p>Vous pouvez promouvoir le livre \u00e9lectronique \u00ab\u00a0Comment am\u00e9nager son van ?\u00a0\u00bb et ainsi aider d&rsquo;autres personnes \u00e0 r\u00e9aliser leur r\u00eave !<\/p>\n<p>Gagnez de l&rsquo;argent chaque fois que quelqu&rsquo;un ach\u00e8te le livre !<\/p>\n<p>Passport Diary vous donne une commission pour chaque achat du livre \u00e9lectronique : \u00ab\u00a0Comment am\u00e9nager son van ?\u00a0\u00bb.<\/p>\n<p>N&rsquo;h\u00e9sitez pas \u00e0 nous contacter par e-mail pour plus d&rsquo;information !<\/p>\n<\/div><\/section><\/p><\/div>\n","protected":false},"excerpt":{"rendered":"","protected":false},"author":1,"featured_media":0,"parent":0,"menu_order":0,"comment_status":"closed","ping_status":"closed","template":"","meta":{"footnotes":""},"yoast_head":"<!-- This site is optimized with the Yoast SEO plugin v20.5 - https:\/\/yoast.com\/wordpress\/plugins\/seo\/ -->\n<title>Programme de partenariat pour le livre \u00e9lectronique : Comment am\u00e9nager son van ?<\/title>\n<meta name=\"description\" content=\"Programme de partenariat pour le livre \u00e9lectronique : &quot;Comment am\u00e9nager son van ?&quot; Faites partie du mouvement et gagnez votre argent en aidant d&#039;autres personnes \u00e0 r\u00e9aliser leur r\u00eave d&#039;am\u00e9nager un van par eux-m\u00eame.\" \/>\n<meta name=\"robots\" content=\"index, follow, max-snippet:-1, max-image-preview:large, max-video-preview:-1\" \/>\n<link rel=\"canonical\" href=\"https:\/\/passport-diary.com\/fr\/programme-de-partenariat-pour-le-book-comment-amenager-son-van\/\" \/>\n<meta name=\"twitter:card\" content=\"summary_large_image\" \/>\n<meta name=\"twitter:title\" content=\"Programme de partenariat pour le livre \u00e9lectronique : Comment am\u00e9nager son van ?\" \/>\n<meta name=\"twitter:description\" content=\"Programme de partenariat pour le livre \u00e9lectronique : &quot;Comment am\u00e9nager son van ?&quot; Faites partie du mouvement et gagnez votre argent en aidant d&#039;autres personnes \u00e0 r\u00e9aliser leur r\u00eave d&#039;am\u00e9nager un van par eux-m\u00eame.\" \/>\n<meta name=\"twitter:image\" content=\"https:\/\/passport-diary.com\/wp-content\/uploads\/2020\/04\/contact-1.png\" \/>\n<meta name=\"twitter:site\" content=\"@Passport_Diary\" \/>\n<meta name=\"twitter:label1\" content=\"Dur\u00e9e de lecture estim\u00e9e\" \/>\n\t<meta name=\"twitter:data1\" content=\"2 minutes\" \/>\n<script type=\"application\/ld+json\" class=\"yoast-schema-graph\">{\"@context\":\"https:\/\/schema.org\",\"@graph\":[{\"@type\":\"WebPage\",\"@id\":\"https:\/\/passport-diary.com\/fr\/programme-de-partenariat-pour-le-book-comment-amenager-son-van\/\",\"url\":\"https:\/\/passport-diary.com\/fr\/programme-de-partenariat-pour-le-book-comment-amenager-son-van\/\",\"name\":\"Programme de partenariat pour le livre \u00e9lectronique : Comment am\u00e9nager son van ?\",\"isPartOf\":{\"@id\":\"https:\/\/passport-diary.com\/fr\/#website\"},\"datePublished\":\"2020-05-25T16:07:12+00:00\",\"dateModified\":\"2020-06-23T07:50:40+00:00\",\"description\":\"Programme de partenariat pour le livre \u00e9lectronique : \\\"Comment am\u00e9nager son van ?\\\" Faites partie du mouvement et gagnez votre argent en aidant d'autres personnes \u00e0 r\u00e9aliser leur r\u00eave d'am\u00e9nager un van par eux-m\u00eame.\",\"breadcrumb\":{\"@id\":\"https:\/\/passport-diary.com\/fr\/programme-de-partenariat-pour-le-book-comment-amenager-son-van\/#breadcrumb\"},\"inLanguage\":\"fr-FR\",\"potentialAction\":[{\"@type\":\"ReadAction\",\"target\":[\"https:\/\/passport-diary.com\/fr\/programme-de-partenariat-pour-le-book-comment-amenager-son-van\/\"]}]},{\"@type\":\"BreadcrumbList\",\"@id\":\"https:\/\/passport-diary.com\/fr\/programme-de-partenariat-pour-le-book-comment-amenager-son-van\/#breadcrumb\",\"itemListElement\":[{\"@type\":\"ListItem\",\"position\":1,\"name\":\"Home\",\"item\":\"https:\/\/passport-diary.com\/fr\/\"},{\"@type\":\"ListItem\",\"position\":2,\"name\":\"Programme de partenariat pour le livre \u00e9lectronique : Comment am\u00e9nager son van ?\"}]},{\"@type\":\"WebSite\",\"@id\":\"https:\/\/passport-diary.com\/fr\/#website\",\"url\":\"https:\/\/passport-diary.com\/fr\/\",\"name\":\"Passport Diary - Das Vanlife Magazin\",\"description\":\"\",\"publisher\":{\"@id\":\"https:\/\/passport-diary.com\/fr\/#organization\"},\"potentialAction\":[{\"@type\":\"SearchAction\",\"target\":{\"@type\":\"EntryPoint\",\"urlTemplate\":\"https:\/\/passport-diary.com\/fr\/?s={search_term_string}\"},\"query-input\":\"required name=search_term_string\"}],\"inLanguage\":\"fr-FR\"},{\"@type\":\"Organization\",\"@id\":\"https:\/\/passport-diary.com\/fr\/#organization\",\"name\":\"Passport Diary\",\"url\":\"https:\/\/passport-diary.com\/fr\/\",\"logo\":{\"@type\":\"ImageObject\",\"inLanguage\":\"fr-FR\",\"@id\":\"https:\/\/passport-diary.com\/fr\/#\/schema\/logo\/image\/\",\"url\":\"https:\/\/passport-diary.com\/wp-content\/uploads\/2019\/12\/BF-PassportDiary-Black-Transparent-min-scaled.png\",\"contentUrl\":\"https:\/\/passport-diary.com\/wp-content\/uploads\/2019\/12\/BF-PassportDiary-Black-Transparent-min-scaled.png\",\"width\":2560,\"height\":2161,\"caption\":\"Passport Diary\"},\"image\":{\"@id\":\"https:\/\/passport-diary.com\/fr\/#\/schema\/logo\/image\/\"},\"sameAs\":[\"https:\/\/twitter.com\/Passport_Diary\",\"https:\/\/instagram.com\/passportdiary\/\",\"https:\/\/www.pinterest.de\/passportdiary\/\",\"https:\/\/www.youtube.com\/channel\/UCWPAr6xiRtRmhNHEIqueFCg\"]}]}<\/script>\n<!-- \/ Yoast SEO plugin. -->","yoast_head_json":{"title":"Programme de partenariat pour le livre \u00e9lectronique : Comment am\u00e9nager son van ?","description":"Programme de partenariat pour le livre \u00e9lectronique : \"Comment am\u00e9nager son van ?\" Faites partie du mouvement et gagnez votre argent en aidant d'autres personnes \u00e0 r\u00e9aliser leur r\u00eave d'am\u00e9nager un van par eux-m\u00eame.","robots":{"index":"index","follow":"follow","max-snippet":"max-snippet:-1","max-image-preview":"max-image-preview:large","max-video-preview":"max-video-preview:-1"},"canonical":"https:\/\/passport-diary.com\/fr\/programme-de-partenariat-pour-le-book-comment-amenager-son-van\/","twitter_card":"summary_large_image","twitter_title":"Programme de partenariat pour le livre \u00e9lectronique : Comment am\u00e9nager son van ?","twitter_description":"Programme de partenariat pour le livre \u00e9lectronique : \"Comment am\u00e9nager son van ?\" Faites partie du mouvement et gagnez votre argent en aidant d'autres personnes \u00e0 r\u00e9aliser leur r\u00eave d'am\u00e9nager un van par eux-m\u00eame.","twitter_image":"https:\/\/passport-diary.com\/wp-content\/uploads\/2020\/04\/contact-1.png","twitter_site":"@Passport_Diary","twitter_misc":{"Dur\u00e9e de lecture estim\u00e9e":"2 minutes"},"schema":{"@context":"https:\/\/schema.org","@graph":[{"@type":"WebPage","@id":"https:\/\/passport-diary.com\/fr\/programme-de-partenariat-pour-le-book-comment-amenager-son-van\/","url":"https:\/\/passport-diary.com\/fr\/programme-de-partenariat-pour-le-book-comment-amenager-son-van\/","name":"Programme de partenariat pour le livre \u00e9lectronique : Comment am\u00e9nager son van ?","isPartOf":{"@id":"https:\/\/passport-diary.com\/fr\/#website"},"datePublished":"2020-05-25T16:07:12+00:00","dateModified":"2020-06-23T07:50:40+00:00","description":"Programme de partenariat pour le livre \u00e9lectronique : \"Comment am\u00e9nager son van ?\" Faites partie du mouvement et gagnez votre argent en aidant d'autres personnes \u00e0 r\u00e9aliser leur r\u00eave d'am\u00e9nager un van par eux-m\u00eame.","breadcrumb":{"@id":"https:\/\/passport-diary.com\/fr\/programme-de-partenariat-pour-le-book-comment-amenager-son-van\/#breadcrumb"},"inLanguage":"fr-FR","potentialAction":[{"@type":"ReadAction","target":["https:\/\/passport-diary.com\/fr\/programme-de-partenariat-pour-le-book-comment-amenager-son-van\/"]}]},{"@type":"BreadcrumbList","@id":"https:\/\/passport-diary.com\/fr\/programme-de-partenariat-pour-le-book-comment-amenager-son-van\/#breadcrumb","itemListElement":[{"@type":"ListItem","position":1,"name":"Home","item":"https:\/\/passport-diary.com\/fr\/"},{"@type":"ListItem","position":2,"name":"Programme de partenariat pour le livre \u00e9lectronique : Comment am\u00e9nager son van ?"}]},{"@type":"WebSite","@id":"https:\/\/passport-diary.com\/fr\/#website","url":"https:\/\/passport-diary.com\/fr\/","name":"Passport Diary - Das Vanlife Magazin","description":"","publisher":{"@id":"https:\/\/passport-diary.com\/fr\/#organization"},"potentialAction":[{"@type":"SearchAction","target":{"@type":"EntryPoint","urlTemplate":"https:\/\/passport-diary.com\/fr\/?s={search_term_string}"},"query-input":"required name=search_term_string"}],"inLanguage":"fr-FR"},{"@type":"Organization","@id":"https:\/\/passport-diary.com\/fr\/#organization","name":"Passport Diary","url":"https:\/\/passport-diary.com\/fr\/","logo":{"@type":"ImageObject","inLanguage":"fr-FR","@id":"https:\/\/passport-diary.com\/fr\/#\/schema\/logo\/image\/","url":"https:\/\/passport-diary.com\/wp-content\/uploads\/2019\/12\/BF-PassportDiary-Black-Transparent-min-scaled.png","contentUrl":"https:\/\/passport-diary.com\/wp-content\/uploads\/2019\/12\/BF-PassportDiary-Black-Transparent-min-scaled.png","width":2560,"height":2161,"caption":"Passport Diary"},"image":{"@id":"https:\/\/passport-diary.com\/fr\/#\/schema\/logo\/image\/"},"sameAs":["https:\/\/twitter.com\/Passport_Diary","https:\/\/instagram.com\/passportdiary\/","https:\/\/www.pinterest.de\/passportdiary\/","https:\/\/www.youtube.com\/channel\/UCWPAr6xiRtRmhNHEIqueFCg"]}]}},"_links":{"self":[{"href":"https:\/\/passport-diary.com\/fr\/wp-json\/wp\/v2\/pages\/20156"}],"collection":[{"href":"https:\/\/passport-diary.com\/fr\/wp-json\/wp\/v2\/pages"}],"about":[{"href":"https:\/\/passport-diary.com\/fr\/wp-json\/wp\/v2\/types\/page"}],"author":[{"embeddable":true,"href":"https:\/\/passport-diary.com\/fr\/wp-json\/wp\/v2\/users\/1"}],"replies":[{"embeddable":true,"href":"https:\/\/passport-diary.com\/fr\/wp-json\/wp\/v2\/comments?post=20156"}],"version-history":[{"count":9,"href":"https:\/\/passport-diary.com\/fr\/wp-json\/wp\/v2\/pages\/20156\/revisions"}],"predecessor-version":[{"id":20365,"href":"https:\/\/passport-diary.com\/fr\/wp-json\/wp\/v2\/pages\/20156\/revisions\/20365"}],"wp:attachment":[{"href":"https:\/\/passport-diary.com\/fr\/wp-json\/wp\/v2\/media?parent=20156"}],"curies":[{"name":"wp","href":"https:\/\/api.w.org\/{rel}","templated":true}]}}