{"id":20071,"date":"2020-05-25T12:22:38","date_gmt":"2020-05-25T10:22:38","guid":{"rendered":"https:\/\/passport-diary.com\/contact\/"},"modified":"2020-06-03T15:17:45","modified_gmt":"2020-06-03T13:17:45","slug":"contact","status":"publish","type":"page","link":"https:\/\/passport-diary.com\/fr\/contact\/","title":{"rendered":"Contact"},"content":{"rendered":"<div id='av_section_1'  class='avia-section av-k8k66xcl-afcf03b14a77b26f8cae88cabf86695f main_color avia-section-default avia-no-border-styling  avia-builder-el-0  avia-builder-el-no-sibling  avia-bg-style-scroll av-minimum-height av-minimum-height-100  container_wrap fullsize'   data-av_minimum_height_pc='100'><div class='container av-section-cont-open' ><main  class='template-page content  av-content-full alpha units'><div class='post-entry post-entry-type-page post-entry-20071'><div class='entry-content-wrapper clearfix'>\n\n<style type=\"text\/css\" data-created_by=\"avia_inline_auto\" id=\"style-css-av-29wasia-0c75d8907efc25d8fc49fab83b3500a8\">\n.flex_column.av-29wasia-0c75d8907efc25d8fc49fab83b3500a8{\n-webkit-border-radius:0px 0px 0px 0px;\n-moz-border-radius:0px 0px 0px 0px;\nborder-radius:0px 0px 0px 0px;\n}\n<\/style>\n<div class='flex_column av-29wasia-0c75d8907efc25d8fc49fab83b3500a8 av_two_third  avia-builder-el-1  el_before_av_one_third  avia-builder-el-first  first flex_column_div av-zero-column-padding '     ><p>\n<style type=\"text\/css\" data-created_by=\"avia_inline_auto\" id=\"style-css-av-kazf7d33-3af10c98ef5e77d5c5e7a626ef2e088b\">\n#top .av-special-heading.av-kazf7d33-3af10c98ef5e77d5c5e7a626ef2e088b{\npadding-bottom:10px;\n}\nbody .av-special-heading.av-kazf7d33-3af10c98ef5e77d5c5e7a626ef2e088b .av-special-heading-tag .heading-char{\nfont-size:25px;\n}\n.av-special-heading.av-kazf7d33-3af10c98ef5e77d5c5e7a626ef2e088b .av-subheading{\nfont-size:15px;\n}\n<\/style>\n<div  class='av-special-heading av-kazf7d33-3af10c98ef5e77d5c5e7a626ef2e088b av-special-heading-h1  avia-builder-el-2  el_before_av_hr  avia-builder-el-first  av-linked-heading'><h1 class='av-special-heading-tag'  ><img decoding=\"async\" src=\"https:\/\/passport-diary.com\/wp-content\/uploads\/2020\/04\/contact.png\" \/>Contact<\/h1><div class=\"special-heading-border\"><div class=\"special-heading-inner-border\"><\/div><\/div><\/div><br \/>\n\n<style type=\"text\/css\" data-created_by=\"avia_inline_auto\" id=\"style-css-av-k8kh1pfo-d785e38063bacba2680ab56c25f6227c\">\n#top .hr.hr-invisible.av-k8kh1pfo-d785e38063bacba2680ab56c25f6227c{\nheight:15px;\n}\n<\/style>\n<div  class='hr av-k8kh1pfo-d785e38063bacba2680ab56c25f6227c hr-invisible  avia-builder-el-3  el_after_av_heading  el_before_av_contact  av-medium-hide av-small-hide av-mini-hide'><span class='hr-inner '><span class=\"hr-inner-style\"><\/span><\/span><\/div><br \/>\n<form action=\"https:\/\/passport-diary.com\/fr\/contact\/\" method=\"post\"  class=\"avia_ajax_form av-form-labels-visible   avia-builder-el-4  el_after_av_hr  avia-builder-el-last   \" data-avia-form-id=\"1\" data-avia-redirect='' ><h3 class=''>Si vous avez une demande, n\u2019h\u00e9sitez pas \u00e0 nous contacter !<\/h3><fieldset><p class='  first_form  form_element form_fullwidth' id='element_avia_1_1'><label for=\"avia_1_1\">Nom <abbr class=\"required\" title=\"requis(e)\">*<\/abbr><\/label> <input name=\"avia_1_1\" class=\"text_input is_empty\" type=\"text\" id=\"avia_1_1\" value=\"\" \/><\/p><p class='  first_form  form_element form_fullwidth' id='element_avia_2_1'><label for=\"avia_2_1\">E-Mail <abbr class=\"required\" title=\"requis(e)\">*<\/abbr><\/label> <input name=\"avia_2_1\" class=\"text_input is_email\" type=\"text\" id=\"avia_2_1\" value=\"\" \/><\/p><p class='  first_form  form_element form_fullwidth' id='element_avia_3_1'><label for=\"avia_3_1\" class=\"textare_label hidden textare_label_avia_3_1\">Message <abbr class=\"required\" title=\"requis(e)\">*<\/abbr><\/label><textarea  name=\"avia_3_1\" class=\"text_area is_empty\" cols=\"40\" rows=\"7\" id=\"avia_3_1\" ><\/textarea><\/p><p class=\"hidden\"><input type=\"text\" name=\"avia_4_1\" class=\"hidden \" id=\"avia_4_1\" value=\"\" \/><\/p><p class='   form_element form_fullwidth' id='element_avia_5_1'><span class='value_verifier_label'>2 + 5 = ?<\/span><input name=\"avia_5_1_verifier\" type=\"hidden\" id=\"avia_5_1_verifier\" value=\"233317325\"\/><label for=\"avia_5_1\">Merci de prouver que vous \u00eates un humain en donnant le r\u00e9sultat de cette op\u00e9ration <abbr class=\"required\" title=\"requis(e)\">*<\/abbr><\/label><input name=\"avia_5_1\" class=\"text_input captcha\" type=\"text\" id=\"avia_5_1\" value=\"\"\/><\/p><p class=\"form_element \"><input type=\"hidden\" value=\"1\" name=\"avia_generated_form1\" \/><input type=\"submit\" value=\"Envoyer\" class=\"button\"  data-sending-label=\"Envoi\"\/><\/p><\/fieldset><\/form><div id=\"ajaxresponse_1\" class=\"ajaxresponse ajaxresponse_1 hidden\"><\/div><\/p><\/div>\n<style type=\"text\/css\" data-created_by=\"avia_inline_auto\" id=\"style-css-av-kktwvm-7d49283d1c40beecb554280c21700d12\">\n.flex_column.av-kktwvm-7d49283d1c40beecb554280c21700d12{\n-webkit-border-radius:0px 0px 0px 0px;\n-moz-border-radius:0px 0px 0px 0px;\nborder-radius:0px 0px 0px 0px;\n}\n<\/style>\n<div class='flex_column av-kktwvm-7d49283d1c40beecb554280c21700d12 av_one_third  avia-builder-el-5  el_after_av_two_third  avia-builder-el-last  flex_column_div av-zero-column-padding '     ><p>\n<style type=\"text\/css\" data-created_by=\"avia_inline_auto\" id=\"style-css-av-k8kh1pfo-735201fbdb038b4620930528dfc20210\">\n#top .hr.hr-invisible.av-k8kh1pfo-735201fbdb038b4620930528dfc20210{\nheight:100px;\n}\n<\/style>\n<div  class='hr av-k8kh1pfo-735201fbdb038b4620930528dfc20210 hr-invisible  avia-builder-el-6  el_before_av_image  avia-builder-el-first  av-medium-hide av-small-hide av-mini-hide'><span class='hr-inner '><span class=\"hr-inner-style\"><\/span><\/span><\/div><br \/>\n\n<style type=\"text\/css\" data-created_by=\"avia_inline_auto\" id=\"style-css-av-k8kgzn6q-31963110cd5bb0a8c39a36e18fc4ef4c\">\n.avia-image-container.av-k8kgzn6q-31963110cd5bb0a8c39a36e18fc4ef4c .avia-image-container-inner{\ntransform:scale3d( 1, 1, 1 ) skew( 0, 0 ) translate3d( 0, 0, 0 );\n}\n.avia-image-container.av-k8kgzn6q-31963110cd5bb0a8c39a36e18fc4ef4c img.avia_image{\nbox-shadow:none;\n}\n.avia-image-container.av-k8kgzn6q-31963110cd5bb0a8c39a36e18fc4ef4c .av-image-caption-overlay-center{\ncolor:#ffffff;\n}\n\n@media only screen and (min-width: 768px) and (max-width: 989px){ \n.avia-image-container.av-k8kgzn6q-31963110cd5bb0a8c39a36e18fc4ef4c .avia-image-container-inner{\ntransform:scale3d( 1, 1, 1 ) skew( 0, 0 ) translate3d( 0, 0, 0 );\n}\n}\n\n@media only screen and (min-width: 480px) and (max-width: 767px){ \n.avia-image-container.av-k8kgzn6q-31963110cd5bb0a8c39a36e18fc4ef4c .avia-image-container-inner{\ntransform:scale3d( 1, 1, 1 ) skew( 0, 0 ) translate3d( 0, 0, 0 );\n}\n}\n\n@media only screen and (max-width: 479px){ \n.avia-image-container.av-k8kgzn6q-31963110cd5bb0a8c39a36e18fc4ef4c .avia-image-container-inner{\ntransform:scale3d( 1, 1, 1 ) skew( 0, 0 ) translate3d( 0, 0, 0 );\n}\n}\n<\/style>\n<div  class='avia-image-container av-k8kgzn6q-31963110cd5bb0a8c39a36e18fc4ef4c av-styling- avia-align-center  avia-builder-el-7  el_after_av_hr  el_before_av_hr  image_with_shadow av-custom-transform'  ><div class=\"avia-image-container-inner\"><div class=\"avia-image-overlay-wrap\"><img decoding=\"async\" class='wp-image-17486 avia-img-lazy-loading-not-17486 avia_image ' src=\"https:\/\/passport-diary.com\/wp-content\/uploads\/2019\/01\/passport-diary-paul-nitzschke-ceo-gruender-blog-influencer-0-1024x768.jpg\" alt='' title='passport-diary-paul-nitzschke-ceo-gruender-blog-influencer-0'  height=\"768\" width=\"1024\" srcset=\"https:\/\/passport-diary.com\/wp-content\/uploads\/2019\/01\/passport-diary-paul-nitzschke-ceo-gruender-blog-influencer-0-1024x768.jpg 1024w, https:\/\/passport-diary.com\/wp-content\/uploads\/2019\/01\/passport-diary-paul-nitzschke-ceo-gruender-blog-influencer-0-300x225.jpg 300w, https:\/\/passport-diary.com\/wp-content\/uploads\/2019\/01\/passport-diary-paul-nitzschke-ceo-gruender-blog-influencer-0-768x576.jpg 768w, https:\/\/passport-diary.com\/wp-content\/uploads\/2019\/01\/passport-diary-paul-nitzschke-ceo-gruender-blog-influencer-0-1536x1152.jpg 1536w, https:\/\/passport-diary.com\/wp-content\/uploads\/2019\/01\/passport-diary-paul-nitzschke-ceo-gruender-blog-influencer-0-1200x900.jpg 1200w, https:\/\/passport-diary.com\/wp-content\/uploads\/2019\/01\/passport-diary-paul-nitzschke-ceo-gruender-blog-influencer-0-1980x1485.jpg 1980w, https:\/\/passport-diary.com\/wp-content\/uploads\/2019\/01\/passport-diary-paul-nitzschke-ceo-gruender-blog-influencer-0.jpg 2000w\" sizes=\"(max-width: 1024px) 100vw, 1024px\" \/><\/div><\/div><\/div><br \/>\n\n<style type=\"text\/css\" data-created_by=\"avia_inline_auto\" id=\"style-css-av-k8kh1pfo-d785e38063bacba2680ab56c25f6227c\">\n#top .hr.hr-invisible.av-k8kh1pfo-d785e38063bacba2680ab56c25f6227c{\nheight:15px;\n}\n<\/style>\n<div  class='hr av-k8kh1pfo-d785e38063bacba2680ab56c25f6227c hr-invisible  avia-builder-el-8  el_after_av_image  el_before_av_image  av-medium-hide av-small-hide av-mini-hide'><span class='hr-inner '><span class=\"hr-inner-style\"><\/span><\/span><\/div><br \/>\n\n<style type=\"text\/css\" data-created_by=\"avia_inline_auto\" id=\"style-css-av-k8kgyu02-b5e4e222538dab59c411a14ef6f39130\">\n.avia-image-container.av-k8kgyu02-b5e4e222538dab59c411a14ef6f39130 .avia-image-container-inner{\ntransform:scale3d( 1, 1, 1 ) skew( 0, 0 ) translate3d( 0, 0, 0 );\n}\n.avia-image-container.av-k8kgyu02-b5e4e222538dab59c411a14ef6f39130 img.avia_image{\nbox-shadow:none;\n}\n.avia-image-container.av-k8kgyu02-b5e4e222538dab59c411a14ef6f39130 .av-image-caption-overlay-center{\ncolor:#ffffff;\n}\n\n@media only screen and (min-width: 768px) and (max-width: 989px){ \n.avia-image-container.av-k8kgyu02-b5e4e222538dab59c411a14ef6f39130 .avia-image-container-inner{\ntransform:scale3d( 1, 1, 1 ) skew( 0, 0 ) translate3d( 0, 0, 0 );\n}\n}\n\n@media only screen and (min-width: 480px) and (max-width: 767px){ \n.avia-image-container.av-k8kgyu02-b5e4e222538dab59c411a14ef6f39130 .avia-image-container-inner{\ntransform:scale3d( 1, 1, 1 ) skew( 0, 0 ) translate3d( 0, 0, 0 );\n}\n}\n\n@media only screen and (max-width: 479px){ \n.avia-image-container.av-k8kgyu02-b5e4e222538dab59c411a14ef6f39130 .avia-image-container-inner{\ntransform:scale3d( 1, 1, 1 ) skew( 0, 0 ) translate3d( 0, 0, 0 );\n}\n}\n<\/style>\n<div  class='avia-image-container av-k8kgyu02-b5e4e222538dab59c411a14ef6f39130 av-styling- avia-align-center  avia-builder-el-9  el_after_av_hr  avia-builder-el-last  image_with_shadow av-custom-transform'  ><div class=\"avia-image-container-inner\"><div class=\"avia-image-overlay-wrap\"><img decoding=\"async\" class='wp-image-19565 avia-img-lazy-loading-not-19565 avia_image ' src=\"https:\/\/passport-diary.com\/wp-content\/uploads\/2019\/10\/Mercedes-407-D-hochdach-kaufen-wohnmobil-kleinanzeigen-1024x840.jpg\" alt='' title='Mercedes-407-D-hochdach-kaufen-wohnmobil-kleinanzeigen'  height=\"840\" width=\"1024\" srcset=\"https:\/\/passport-diary.com\/wp-content\/uploads\/2019\/10\/Mercedes-407-D-hochdach-kaufen-wohnmobil-kleinanzeigen-1024x840.jpg 1024w, https:\/\/passport-diary.com\/wp-content\/uploads\/2019\/10\/Mercedes-407-D-hochdach-kaufen-wohnmobil-kleinanzeigen-300x246.jpg 300w, https:\/\/passport-diary.com\/wp-content\/uploads\/2019\/10\/Mercedes-407-D-hochdach-kaufen-wohnmobil-kleinanzeigen-768x630.jpg 768w, https:\/\/passport-diary.com\/wp-content\/uploads\/2019\/10\/Mercedes-407-D-hochdach-kaufen-wohnmobil-kleinanzeigen-1200x985.jpg 1200w, https:\/\/passport-diary.com\/wp-content\/uploads\/2019\/10\/Mercedes-407-D-hochdach-kaufen-wohnmobil-kleinanzeigen.jpg 1404w\" sizes=\"(max-width: 1024px) 100vw, 1024px\" \/><\/div><\/div><\/div><\/p><\/div>\n","protected":false},"excerpt":{"rendered":"","protected":false},"author":1,"featured_media":0,"parent":0,"menu_order":0,"comment_status":"closed","ping_status":"closed","template":"","meta":{"footnotes":""},"yoast_head":"<!-- This site is optimized with the Yoast SEO plugin v20.5 - https:\/\/yoast.com\/wordpress\/plugins\/seo\/ -->\n<title>Le blog de voyage de Passport Diary | Blog de style de vie de voyage<\/title>\n<meta name=\"description\" content=\"Voyagez avec moi \u00e0 travers le monde dans mon bus orange. Mon blog de voyage contient des trucs et astuces sur le th\u00e8me de la vanlife. Je vais vous montrer comment faire!\" \/>\n<meta name=\"robots\" content=\"index, follow, max-snippet:-1, max-image-preview:large, max-video-preview:-1\" \/>\n<link rel=\"canonical\" href=\"https:\/\/passport-diary.com\/fr\/contact\/\" \/>\n<meta name=\"twitter:card\" content=\"summary_large_image\" \/>\n<meta name=\"twitter:title\" content=\"Le blog de voyage de Passport Diary | Blog de style de vie de voyage\" \/>\n<meta name=\"twitter:description\" content=\"Voyagez avec moi \u00e0 travers le monde dans mon bus orange. Mon blog de voyage contient des trucs et astuces sur le th\u00e8me de la vanlife. Je vais vous montrer comment faire!\" \/>\n<meta name=\"twitter:image\" content=\"https:\/\/passport-diary.com\/wp-content\/uploads\/2020\/04\/contact.png\" \/>\n<meta name=\"twitter:site\" content=\"@Passport_Diary\" \/>\n<meta name=\"twitter:label1\" content=\"Dur\u00e9e de lecture estim\u00e9e\" \/>\n\t<meta name=\"twitter:data1\" content=\"5 minutes\" \/>\n<script type=\"application\/ld+json\" class=\"yoast-schema-graph\">{\"@context\":\"https:\/\/schema.org\",\"@graph\":[{\"@type\":\"WebPage\",\"@id\":\"https:\/\/passport-diary.com\/fr\/contact\/\",\"url\":\"https:\/\/passport-diary.com\/fr\/contact\/\",\"name\":\"Le blog de voyage de Passport Diary | Blog de style de vie de voyage\",\"isPartOf\":{\"@id\":\"https:\/\/passport-diary.com\/fr\/#website\"},\"datePublished\":\"2020-05-25T10:22:38+00:00\",\"dateModified\":\"2020-06-03T13:17:45+00:00\",\"description\":\"Voyagez avec moi \u00e0 travers le monde dans mon bus orange. Mon blog de voyage contient des trucs et astuces sur le th\u00e8me de la vanlife. Je vais vous montrer comment faire!\",\"breadcrumb\":{\"@id\":\"https:\/\/passport-diary.com\/fr\/contact\/#breadcrumb\"},\"inLanguage\":\"fr-FR\",\"potentialAction\":[{\"@type\":\"ReadAction\",\"target\":[\"https:\/\/passport-diary.com\/fr\/contact\/\"]}]},{\"@type\":\"BreadcrumbList\",\"@id\":\"https:\/\/passport-diary.com\/fr\/contact\/#breadcrumb\",\"itemListElement\":[{\"@type\":\"ListItem\",\"position\":1,\"name\":\"Home\",\"item\":\"https:\/\/passport-diary.com\/fr\/\"},{\"@type\":\"ListItem\",\"position\":2,\"name\":\"Contact\"}]},{\"@type\":\"WebSite\",\"@id\":\"https:\/\/passport-diary.com\/fr\/#website\",\"url\":\"https:\/\/passport-diary.com\/fr\/\",\"name\":\"Passport Diary - Das Vanlife Magazin\",\"description\":\"\",\"publisher\":{\"@id\":\"https:\/\/passport-diary.com\/fr\/#organization\"},\"potentialAction\":[{\"@type\":\"SearchAction\",\"target\":{\"@type\":\"EntryPoint\",\"urlTemplate\":\"https:\/\/passport-diary.com\/fr\/?s={search_term_string}\"},\"query-input\":\"required name=search_term_string\"}],\"inLanguage\":\"fr-FR\"},{\"@type\":\"Organization\",\"@id\":\"https:\/\/passport-diary.com\/fr\/#organization\",\"name\":\"Passport Diary\",\"url\":\"https:\/\/passport-diary.com\/fr\/\",\"logo\":{\"@type\":\"ImageObject\",\"inLanguage\":\"fr-FR\",\"@id\":\"https:\/\/passport-diary.com\/fr\/#\/schema\/logo\/image\/\",\"url\":\"https:\/\/passport-diary.com\/wp-content\/uploads\/2019\/12\/BF-PassportDiary-Black-Transparent-min-scaled.png\",\"contentUrl\":\"https:\/\/passport-diary.com\/wp-content\/uploads\/2019\/12\/BF-PassportDiary-Black-Transparent-min-scaled.png\",\"width\":2560,\"height\":2161,\"caption\":\"Passport Diary\"},\"image\":{\"@id\":\"https:\/\/passport-diary.com\/fr\/#\/schema\/logo\/image\/\"},\"sameAs\":[\"https:\/\/twitter.com\/Passport_Diary\",\"https:\/\/instagram.com\/passportdiary\/\",\"https:\/\/www.pinterest.de\/passportdiary\/\",\"https:\/\/www.youtube.com\/channel\/UCWPAr6xiRtRmhNHEIqueFCg\"]}]}<\/script>\n<!-- \/ Yoast SEO plugin. -->","yoast_head_json":{"title":"Le blog de voyage de Passport Diary | Blog de style de vie de voyage","description":"Voyagez avec moi \u00e0 travers le monde dans mon bus orange. Mon blog de voyage contient des trucs et astuces sur le th\u00e8me de la vanlife. Je vais vous montrer comment faire!","robots":{"index":"index","follow":"follow","max-snippet":"max-snippet:-1","max-image-preview":"max-image-preview:large","max-video-preview":"max-video-preview:-1"},"canonical":"https:\/\/passport-diary.com\/fr\/contact\/","twitter_card":"summary_large_image","twitter_title":"Le blog de voyage de Passport Diary | Blog de style de vie de voyage","twitter_description":"Voyagez avec moi \u00e0 travers le monde dans mon bus orange. Mon blog de voyage contient des trucs et astuces sur le th\u00e8me de la vanlife. Je vais vous montrer comment faire!","twitter_image":"https:\/\/passport-diary.com\/wp-content\/uploads\/2020\/04\/contact.png","twitter_site":"@Passport_Diary","twitter_misc":{"Dur\u00e9e de lecture estim\u00e9e":"5 minutes"},"schema":{"@context":"https:\/\/schema.org","@graph":[{"@type":"WebPage","@id":"https:\/\/passport-diary.com\/fr\/contact\/","url":"https:\/\/passport-diary.com\/fr\/contact\/","name":"Le blog de voyage de Passport Diary | Blog de style de vie de voyage","isPartOf":{"@id":"https:\/\/passport-diary.com\/fr\/#website"},"datePublished":"2020-05-25T10:22:38+00:00","dateModified":"2020-06-03T13:17:45+00:00","description":"Voyagez avec moi \u00e0 travers le monde dans mon bus orange. Mon blog de voyage contient des trucs et astuces sur le th\u00e8me de la vanlife. Je vais vous montrer comment faire!","breadcrumb":{"@id":"https:\/\/passport-diary.com\/fr\/contact\/#breadcrumb"},"inLanguage":"fr-FR","potentialAction":[{"@type":"ReadAction","target":["https:\/\/passport-diary.com\/fr\/contact\/"]}]},{"@type":"BreadcrumbList","@id":"https:\/\/passport-diary.com\/fr\/contact\/#breadcrumb","itemListElement":[{"@type":"ListItem","position":1,"name":"Home","item":"https:\/\/passport-diary.com\/fr\/"},{"@type":"ListItem","position":2,"name":"Contact"}]},{"@type":"WebSite","@id":"https:\/\/passport-diary.com\/fr\/#website","url":"https:\/\/passport-diary.com\/fr\/","name":"Passport Diary - Das Vanlife Magazin","description":"","publisher":{"@id":"https:\/\/passport-diary.com\/fr\/#organization"},"potentialAction":[{"@type":"SearchAction","target":{"@type":"EntryPoint","urlTemplate":"https:\/\/passport-diary.com\/fr\/?s={search_term_string}"},"query-input":"required name=search_term_string"}],"inLanguage":"fr-FR"},{"@type":"Organization","@id":"https:\/\/passport-diary.com\/fr\/#organization","name":"Passport Diary","url":"https:\/\/passport-diary.com\/fr\/","logo":{"@type":"ImageObject","inLanguage":"fr-FR","@id":"https:\/\/passport-diary.com\/fr\/#\/schema\/logo\/image\/","url":"https:\/\/passport-diary.com\/wp-content\/uploads\/2019\/12\/BF-PassportDiary-Black-Transparent-min-scaled.png","contentUrl":"https:\/\/passport-diary.com\/wp-content\/uploads\/2019\/12\/BF-PassportDiary-Black-Transparent-min-scaled.png","width":2560,"height":2161,"caption":"Passport Diary"},"image":{"@id":"https:\/\/passport-diary.com\/fr\/#\/schema\/logo\/image\/"},"sameAs":["https:\/\/twitter.com\/Passport_Diary","https:\/\/instagram.com\/passportdiary\/","https:\/\/www.pinterest.de\/passportdiary\/","https:\/\/www.youtube.com\/channel\/UCWPAr6xiRtRmhNHEIqueFCg"]}]}},"_links":{"self":[{"href":"https:\/\/passport-diary.com\/fr\/wp-json\/wp\/v2\/pages\/20071"}],"collection":[{"href":"https:\/\/passport-diary.com\/fr\/wp-json\/wp\/v2\/pages"}],"about":[{"href":"https:\/\/passport-diary.com\/fr\/wp-json\/wp\/v2\/types\/page"}],"author":[{"embeddable":true,"href":"https:\/\/passport-diary.com\/fr\/wp-json\/wp\/v2\/users\/1"}],"replies":[{"embeddable":true,"href":"https:\/\/passport-diary.com\/fr\/wp-json\/wp\/v2\/comments?post=20071"}],"version-history":[{"count":11,"href":"https:\/\/passport-diary.com\/fr\/wp-json\/wp\/v2\/pages\/20071\/revisions"}],"predecessor-version":[{"id":23841,"href":"https:\/\/passport-diary.com\/fr\/wp-json\/wp\/v2\/pages\/20071\/revisions\/23841"}],"wp:attachment":[{"href":"https:\/\/passport-diary.com\/fr\/wp-json\/wp\/v2\/media?parent=20071"}],"curies":[{"name":"wp","href":"https:\/\/api.w.org\/{rel}","templated":true}]}}