{"id":21993,"date":"2020-10-02T17:45:06","date_gmt":"2020-10-02T15:45:06","guid":{"rendered":"https:\/\/passport-diary.com\/imprint\/"},"modified":"2020-10-02T17:45:06","modified_gmt":"2020-10-02T15:45:06","slug":"imprint","status":"publish","type":"page","link":"https:\/\/passport-diary.com\/en\/imprint\/","title":{"rendered":"Imprint"},"content":{"rendered":"<div id='av_section_1'  class='avia-section av-3pxptw-7ed8272a808cbe5bec46874772ed611e main_color avia-section-default avia-no-border-styling  avia-builder-el-0  avia-builder-el-no-sibling  avia-bg-style-scroll container_wrap sidebar_left'  ><div class='container av-section-cont-open' ><main  class='template-page content  av-content-small units'><div class='post-entry post-entry-type-page post-entry-21993'><div class='entry-content-wrapper clearfix'>\n\n<style type=\"text\/css\" data-created_by=\"avia_inline_auto\" id=\"style-css-av-2qkcs4-2e32a39c57217c94f2b07549f97f025e\">\n.flex_column.av-2qkcs4-2e32a39c57217c94f2b07549f97f025e{\n-webkit-border-radius:0px 0px 0px 0px;\n-moz-border-radius:0px 0px 0px 0px;\nborder-radius:0px 0px 0px 0px;\n}\n<\/style>\n<div class='flex_column av-2qkcs4-2e32a39c57217c94f2b07549f97f025e av_one_full  avia-builder-el-1  avia-builder-el-no-sibling  first flex_column_div av-zero-column-padding '     ><p>\n<style type=\"text\/css\" data-created_by=\"avia_inline_auto\" id=\"style-css-av-1v70x0-ce18b3fa85927349ecb87257d63c7213\">\n#top .av-special-heading.av-1v70x0-ce18b3fa85927349ecb87257d63c7213{\npadding-bottom:10px;\n}\nbody .av-special-heading.av-1v70x0-ce18b3fa85927349ecb87257d63c7213 .av-special-heading-tag .heading-char{\nfont-size:25px;\n}\n.av-special-heading.av-1v70x0-ce18b3fa85927349ecb87257d63c7213 .av-subheading{\nfont-size:15px;\n}\n<\/style>\n<div  class='av-special-heading av-1v70x0-ce18b3fa85927349ecb87257d63c7213 av-special-heading-h1  avia-builder-el-2  el_before_av_textblock  avia-builder-el-first  av-linked-heading'><h1 class='av-special-heading-tag'  ><img decoding=\"async\" src=\"https:\/\/passport-diary.com\/wp-content\/uploads\/2020\/04\/mask.png\"\/>Impressum<\/h1><div class=\"special-heading-border\"><div class=\"special-heading-inner-border\"><\/div><\/div><\/div><br \/>\n<section  class='av_textblock_section av-k8k407hu-f4a8ff0d9c1fba851d5fff193a26132e' ><div class='avia_textblock' ><p><strong>Angaben gem\u00e4\u00df \u00a7 5 TMG<\/strong><\/p>\n<p>Passport Media LLC<br \/>\n30 N Gould St Ste R<br \/>\nSheridan, WY 82801<br \/>\nUnited States<\/p>\n<p><strong>Vertreten durch:<\/strong><br \/>\nPaul Nitzschke<\/p>\n<p>E-Mail: paul@passport-diary.com<\/p>\n<p><strong>Designed by:<\/strong><\/p>\n<p><a href=\"https:\/\/burde.media\/webseiten-erstellung\/\"><img decoding=\"async\" class=\"alignnone wp-image-13880\" src=\"https:\/\/passport-diary.com\/wp-content\/uploads\/2020\/05\/Burde-media-transparent-800x112.png\" alt=\"\" width=\"193\" height=\"27\" srcset=\"https:\/\/passport-diary.com\/wp-content\/uploads\/2020\/05\/Burde-media-transparent-800x112.png 800w, https:\/\/passport-diary.com\/wp-content\/uploads\/2020\/05\/Burde-media-transparent-300x42.png 300w, https:\/\/passport-diary.com\/wp-content\/uploads\/2020\/05\/Burde-media-transparent-768x107.png 768w, https:\/\/passport-diary.com\/wp-content\/uploads\/2020\/05\/Burde-media-transparent-1536x215.png 1536w, https:\/\/passport-diary.com\/wp-content\/uploads\/2020\/05\/Burde-media-transparent-2048x286.png 2048w, https:\/\/passport-diary.com\/wp-content\/uploads\/2020\/05\/Burde-media-transparent-1500x210.png 1500w, https:\/\/passport-diary.com\/wp-content\/uploads\/2020\/05\/Burde-media-transparent-705x99.png 705w, https:\/\/passport-diary.com\/wp-content\/uploads\/2020\/05\/Burde-media-transparent.png 1060w\" sizes=\"(max-width: 193px) 100vw, 193px\" \/><\/a><\/p>\n<p><strong>Haftungsausschluss:<\/strong><\/p>\n<p><strong>Haftung f\u00fcr Inhalte<\/strong><\/p>\n<p>Die Inhalte unserer Seiten wurden mit gr\u00f6\u00dfter Sorgfalt erstellt. F\u00fcr die Richtigkeit, Vollst\u00e4ndigkeit und Aktualit\u00e4t der Inhalte k\u00f6nnen wir jedoch keine Gew\u00e4hr \u00fcbernehmen. Als Diensteanbieter sind wir gem\u00e4\u00df \u00a7 7 Abs.1 TMG f\u00fcr eigene Inhalte auf diesen Seiten nach den allgemeinen Gesetzen verantwortlich. Nach \u00a7\u00a7 8 bis 10 TMG sind wir als Diensteanbieter jedoch nicht verpflichtet, \u00fcbermittelte oder gespeicherte fremde Informationen zu \u00fcberwachen oder nach Umst\u00e4nden zu forschen, die auf eine rechtswidrige T\u00e4tigkeit hinweisen. Verpflichtungen zur Entfernung oder Sperrung der Nutzung von Informationen nach den allgemeinen Gesetzen bleiben hiervon unber\u00fchrt. Eine diesbez\u00fcgliche Haftung ist jedoch erst ab dem Zeitpunkt der Kenntnis einer konkreten Rechtsverletzung m\u00f6glich. Bei Bekanntwerden von entsprechenden Rechtsverletzungen werden wir diese Inhalte umgehend entfernen.<\/p>\n<p><strong>Haftung f\u00fcr Links<\/strong><\/p>\n<p>Unser Angebot enth\u00e4lt Links zu externen Webseiten Dritter, auf deren Inhalte wir keinen Einfluss haben. Deshalb k\u00f6nnen wir f\u00fcr diese fremden Inhalte auch keine Gew\u00e4hr \u00fcbernehmen. F\u00fcr die Inhalte der verlinkten Seiten ist stets der jeweilige Anbieter oder Betreiber der Seiten verantwortlich. Die verlinkten Seiten wurden zum Zeitpunkt der Verlinkung auf m\u00f6gliche Rechtsverst\u00f6\u00dfe \u00fcberpr\u00fcft. Rechtswidrige Inhalte waren zum Zeitpunkt der Verlinkung nicht erkennbar. Eine permanente inhaltliche Kontrolle der verlinkten Seiten ist jedoch ohne konkrete Anhaltspunkte einer Rechtsverletzung nicht zumutbar. Bei Bekanntwerden von Rechtsverletzungen werden wir derartige Links umgehend entfernen.<\/p>\n<p><strong>Urheberrecht<\/strong><\/p>\n<p>Die durch die Seitenbetreiber erstellten Inhalte und Werke auf diesen Seiten unterliegen dem deutschen Urheberrecht. Die Vervielf\u00e4ltigung, Bearbeitung, Verbreitung und jede Art der Verwertung au\u00dferhalb der Grenzen des Urheberrechtes bed\u00fcrfen der schriftlichen Zustimmung des jeweiligen Autors bzw. Erstellers. Downloads und Kopien dieser Seite sind nur f\u00fcr den privaten, nicht kommerziellen Gebrauch gestattet. Soweit die Inhalte auf dieser Seite nicht vom Betreiber erstellt wurden, werden die Urheberrechte Dritter beachtet. Insbesondere werden Inhalte Dritter als solche gekennzeichnet. Sollten Sie trotzdem auf eine Urheberrechtsverletzung aufmerksam werden, bitten wir um einen entsprechenden Hinweis. Bei Bekanntwerden von Rechtsverletzungen werden wir derartige Inhalte umgehend entfernen.<\/p>\n<p><strong>Datenschutz<\/strong><\/p>\n<p>Die Nutzung unserer Webseite ist in der Regel ohne Angabe personenbezogener Daten m\u00f6glich. Soweit auf unseren Seiten personenbezogene Daten (beispielsweise Name, Anschrift oder eMail-Adressen) erhoben werden, erfolgt dies, soweit m\u00f6glich, stets auf freiwilliger Basis. Diese Daten werden ohne Ihre ausdr\u00fcckliche Zustimmung nicht an Dritte weitergegeben.<br \/>\nWir weisen darauf hin, dass die Daten\u00fcbertragung im Internet (z.B. bei der Kommunikation per E-Mail) Sicherheitsl\u00fccken aufweisen kann. Ein l\u00fcckenloser Schutz der Daten vor dem Zugriff durch Dritte ist nicht m\u00f6glich.<br \/>\nDer Nutzung von im Rahmen der Impressumspflicht ver\u00f6ffentlichten Kontaktdaten durch Dritte zur \u00dcbersendung von nicht ausdr\u00fccklich angeforderter Werbung und Informationsmaterialien wird hiermit ausdr\u00fccklich widersprochen. Die Betreiber der Seiten behalten sich ausdr\u00fccklich rechtliche Schritte im Falle der unverlangten Zusendung von Werbeinformationen, etwa durch Spam-Mails, vor.<\/p>\n<p><strong>Google Analytics<\/strong><\/p>\n<p>Diese Website benutzt Google Analytics, einen Webanalysedienst der Google Inc. (&#8221;Google&#8221;). Google Analytics verwendet sog. &#8221;Cookies&#8221;, Textdateien, die auf Ihrem Computer gespeichert werden und die eine Analyse der Benutzung der Website durch Sie erm\u00f6glicht. Die durch den Cookie erzeugten Informationen \u00fcber Ihre Benutzung diese Website (einschlie\u00dflich Ihrer IP-Adresse) wird an einen Server von Google in den USA \u00fcbertragen und dort gespeichert. Google wird diese Informationen benutzen, um Ihre Nutzung der Website auszuwerten, um Reports \u00fcber die Websiteaktivit\u00e4ten f\u00fcr die Websitebetreiber zusammenzustellen und um weitere mit der Websitenutzung und der Internetnutzung verbundene Dienstleistungen zu erbringen. Auch wird Google diese Informationen gegebenenfalls an Dritte \u00fcbertragen, sofern dies gesetzlich vorgeschrieben oder soweit Dritte diese Daten im Auftrag von Google verarbeiten. Google wird in keinem Fall Ihre IP-Adresse mit anderen Daten der Google in Verbindung bringen. Sie k\u00f6nnen die Installation der Cookies durch eine entsprechende Einstellung Ihrer Browser Software verhindern; wir weisen Sie jedoch darauf hin, dass Sie in diesem Fall gegebenenfalls nicht s\u00e4mtliche Funktionen dieser Website voll umf\u00e4nglich nutzen k\u00f6nnen. Durch die Nutzung dieser Website erkl\u00e4ren Sie sich mit der Bearbeitung der \u00fcber Sie erhobenen Daten durch Google in der zuvor beschriebenen Art und Weise und zu dem zuvor benannten Zweck einverstanden.<\/p>\n<p><strong>Google AdSense<\/strong><\/p>\n<p>Diese Website benutzt Google Adsense, einen Webanzeigendienst der Google Inc., USA (&#8221;Google&#8221;). Google Adsense verwendet sog. &#8221;Cookies&#8221; (Textdateien), die auf Ihrem Computer gespeichert werden und die eine Analyse der Benutzung der Website durch Sie erm\u00f6glicht. Google Adsense verwendet auch sog. &#8221;Web Beacons&#8221; (kleine unsichtbare Grafiken) zur Sammlung von Informationen. Durch die Verwendung des Web Beacons k\u00f6nnen einfache Aktionen wie der Besucherverkehr auf der Webseite aufgezeichnet und gesammelt werden. Die durch den Cookie und\/oder Web Beacon erzeugten Informationen \u00fcber Ihre Benutzung diese Website (einschlie\u00dflich Ihrer IP-Adresse) werden an einen Server von Google in den USA \u00fcbertragen und dort gespeichert. Google wird diese Informationen benutzen, um Ihre Nutzung der Website im Hinblick auf die Anzeigen auszuwerten, um Reports \u00fcber die Websiteaktivit\u00e4ten und Anzeigen f\u00fcr die Websitebetreiber zusammenzustellen und um weitere mit der Websitenutzung und der Internetnutzung verbundene Dienstleistungen zu erbringen. Auch wird Google diese Informationen gegebenenfalls an Dritte \u00fcbertragen, sofern dies gesetzlich vorgeschrieben oder soweit Dritte diese Daten im Auftrag von Google verarbeiten. Google wird in keinem Fall Ihre IP-Adresse mit anderen Daten der Google in Verbindung bringen. Das Speichern von Cookies auf Ihrer Festplatte und die Anzeige von Web Beacons k\u00f6nnen Sie verhindern, indem Sie in Ihren Browser-Einstellungen &#8221;keine Cookies akzeptieren&#8221; w\u00e4hlen (Im MS Internet-Explorer unter &#8221;Extras &gt; Internetoptionen &gt; Datenschutz &gt; Einstellung&#8221;; im Firefox unter &#8221;Extras &gt; Einstellungen &gt; Datenschutz &gt; Cookies&#8221;); wir weisen Sie jedoch darauf hin, dass Sie in diesem Fall gegebenenfalls nicht s\u00e4mtliche Funktionen dieser Website voll umf\u00e4nglich nutzen k\u00f6nnen. Durch die Nutzung dieser Website erkl\u00e4ren Sie sich mit der Bearbeitung der \u00fcber Sie erhobenen Daten durch Google in der zuvor beschriebenen Art und Weise und zu dem zuvor benannten Zweck einverstanden.<\/p>\n<\/div><\/section><\/p><\/div><\/div><\/div><\/main><!-- close content main element --><\/div><\/div><div id='after_section_1'  class='main_color av_default_container_wrap container_wrap sidebar_left'  ><div class='container av-section-cont-open' ><div class='template-page content  av-content-small units'><div class='post-entry post-entry-type-page post-entry-21993'><div class='entry-content-wrapper clearfix'>\n","protected":false},"excerpt":{"rendered":"","protected":false},"author":1,"featured_media":0,"parent":0,"menu_order":0,"comment_status":"closed","ping_status":"closed","template":"","meta":{"footnotes":""},"yoast_head":"<!-- This site is optimized with the Yoast SEO plugin v20.5 - https:\/\/yoast.com\/wordpress\/plugins\/seo\/ -->\n<title>Passport Diary&#039;s travel blog | Travel Lifestyle Blog<\/title>\n<meta name=\"description\" content=\"Travel with me around the world in my orange bus. My travel blog contains tips and tricks on the subject of vanlife. I&#039;ll show you how to do it!\" \/>\n<meta name=\"robots\" content=\"index, follow, max-snippet:-1, max-image-preview:large, max-video-preview:-1\" \/>\n<link rel=\"canonical\" href=\"https:\/\/passport-diary.com\/en\/imprint\/\" \/>\n<meta name=\"twitter:card\" content=\"summary_large_image\" \/>\n<meta name=\"twitter:title\" content=\"Passport Diary&#039;s travel blog | Travel Lifestyle Blog\" \/>\n<meta name=\"twitter:description\" content=\"Travel with me around the world in my orange bus. My travel blog contains tips and tricks on the subject of vanlife. I&#039;ll show you how to do it!\" \/>\n<meta name=\"twitter:image\" content=\"https:\/\/passport-diary.com\/wp-content\/uploads\/2020\/04\/mask.png\" \/>\n<meta name=\"twitter:site\" content=\"@Passport_Diary\" \/>\n<meta name=\"twitter:label1\" content=\"Est. reading time\" \/>\n\t<meta name=\"twitter:data1\" content=\"7 minutes\" \/>\n<script type=\"application\/ld+json\" class=\"yoast-schema-graph\">{\"@context\":\"https:\/\/schema.org\",\"@graph\":[{\"@type\":\"WebPage\",\"@id\":\"https:\/\/passport-diary.com\/en\/imprint\/\",\"url\":\"https:\/\/passport-diary.com\/en\/imprint\/\",\"name\":\"Passport Diary's travel blog | Travel Lifestyle Blog\",\"isPartOf\":{\"@id\":\"https:\/\/passport-diary.com\/en\/#website\"},\"datePublished\":\"2020-10-02T15:45:06+00:00\",\"dateModified\":\"2020-10-02T15:45:06+00:00\",\"description\":\"Travel with me around the world in my orange bus. My travel blog contains tips and tricks on the subject of vanlife. I'll show you how to do it!\",\"breadcrumb\":{\"@id\":\"https:\/\/passport-diary.com\/en\/imprint\/#breadcrumb\"},\"inLanguage\":\"en-US\",\"potentialAction\":[{\"@type\":\"ReadAction\",\"target\":[\"https:\/\/passport-diary.com\/en\/imprint\/\"]}]},{\"@type\":\"BreadcrumbList\",\"@id\":\"https:\/\/passport-diary.com\/en\/imprint\/#breadcrumb\",\"itemListElement\":[{\"@type\":\"ListItem\",\"position\":1,\"name\":\"Home\",\"item\":\"https:\/\/passport-diary.com\/en\/\"},{\"@type\":\"ListItem\",\"position\":2,\"name\":\"Imprint\"}]},{\"@type\":\"WebSite\",\"@id\":\"https:\/\/passport-diary.com\/en\/#website\",\"url\":\"https:\/\/passport-diary.com\/en\/\",\"name\":\"Passport Diary - Das Vanlife Magazin\",\"description\":\"\",\"publisher\":{\"@id\":\"https:\/\/passport-diary.com\/en\/#organization\"},\"potentialAction\":[{\"@type\":\"SearchAction\",\"target\":{\"@type\":\"EntryPoint\",\"urlTemplate\":\"https:\/\/passport-diary.com\/en\/?s={search_term_string}\"},\"query-input\":\"required name=search_term_string\"}],\"inLanguage\":\"en-US\"},{\"@type\":\"Organization\",\"@id\":\"https:\/\/passport-diary.com\/en\/#organization\",\"name\":\"Passport Diary\",\"url\":\"https:\/\/passport-diary.com\/en\/\",\"logo\":{\"@type\":\"ImageObject\",\"inLanguage\":\"en-US\",\"@id\":\"https:\/\/passport-diary.com\/en\/#\/schema\/logo\/image\/\",\"url\":\"https:\/\/passport-diary.com\/wp-content\/uploads\/2019\/12\/BF-PassportDiary-Black-Transparent-min-scaled.png\",\"contentUrl\":\"https:\/\/passport-diary.com\/wp-content\/uploads\/2019\/12\/BF-PassportDiary-Black-Transparent-min-scaled.png\",\"width\":2560,\"height\":2161,\"caption\":\"Passport Diary\"},\"image\":{\"@id\":\"https:\/\/passport-diary.com\/en\/#\/schema\/logo\/image\/\"},\"sameAs\":[\"https:\/\/twitter.com\/Passport_Diary\",\"https:\/\/instagram.com\/passportdiary\/\",\"https:\/\/www.pinterest.de\/passportdiary\/\",\"https:\/\/www.youtube.com\/channel\/UCWPAr6xiRtRmhNHEIqueFCg\"]}]}<\/script>\n<!-- \/ Yoast SEO plugin. -->","yoast_head_json":{"title":"Passport Diary's travel blog | Travel Lifestyle Blog","description":"Travel with me around the world in my orange bus. My travel blog contains tips and tricks on the subject of vanlife. I'll show you how to do it!","robots":{"index":"index","follow":"follow","max-snippet":"max-snippet:-1","max-image-preview":"max-image-preview:large","max-video-preview":"max-video-preview:-1"},"canonical":"https:\/\/passport-diary.com\/en\/imprint\/","twitter_card":"summary_large_image","twitter_title":"Passport Diary's travel blog | Travel Lifestyle Blog","twitter_description":"Travel with me around the world in my orange bus. My travel blog contains tips and tricks on the subject of vanlife. I'll show you how to do it!","twitter_image":"https:\/\/passport-diary.com\/wp-content\/uploads\/2020\/04\/mask.png","twitter_site":"@Passport_Diary","twitter_misc":{"Est. reading time":"7 minutes"},"schema":{"@context":"https:\/\/schema.org","@graph":[{"@type":"WebPage","@id":"https:\/\/passport-diary.com\/en\/imprint\/","url":"https:\/\/passport-diary.com\/en\/imprint\/","name":"Passport Diary's travel blog | Travel Lifestyle Blog","isPartOf":{"@id":"https:\/\/passport-diary.com\/en\/#website"},"datePublished":"2020-10-02T15:45:06+00:00","dateModified":"2020-10-02T15:45:06+00:00","description":"Travel with me around the world in my orange bus. My travel blog contains tips and tricks on the subject of vanlife. I'll show you how to do it!","breadcrumb":{"@id":"https:\/\/passport-diary.com\/en\/imprint\/#breadcrumb"},"inLanguage":"en-US","potentialAction":[{"@type":"ReadAction","target":["https:\/\/passport-diary.com\/en\/imprint\/"]}]},{"@type":"BreadcrumbList","@id":"https:\/\/passport-diary.com\/en\/imprint\/#breadcrumb","itemListElement":[{"@type":"ListItem","position":1,"name":"Home","item":"https:\/\/passport-diary.com\/en\/"},{"@type":"ListItem","position":2,"name":"Imprint"}]},{"@type":"WebSite","@id":"https:\/\/passport-diary.com\/en\/#website","url":"https:\/\/passport-diary.com\/en\/","name":"Passport Diary - Das Vanlife Magazin","description":"","publisher":{"@id":"https:\/\/passport-diary.com\/en\/#organization"},"potentialAction":[{"@type":"SearchAction","target":{"@type":"EntryPoint","urlTemplate":"https:\/\/passport-diary.com\/en\/?s={search_term_string}"},"query-input":"required name=search_term_string"}],"inLanguage":"en-US"},{"@type":"Organization","@id":"https:\/\/passport-diary.com\/en\/#organization","name":"Passport Diary","url":"https:\/\/passport-diary.com\/en\/","logo":{"@type":"ImageObject","inLanguage":"en-US","@id":"https:\/\/passport-diary.com\/en\/#\/schema\/logo\/image\/","url":"https:\/\/passport-diary.com\/wp-content\/uploads\/2019\/12\/BF-PassportDiary-Black-Transparent-min-scaled.png","contentUrl":"https:\/\/passport-diary.com\/wp-content\/uploads\/2019\/12\/BF-PassportDiary-Black-Transparent-min-scaled.png","width":2560,"height":2161,"caption":"Passport Diary"},"image":{"@id":"https:\/\/passport-diary.com\/en\/#\/schema\/logo\/image\/"},"sameAs":["https:\/\/twitter.com\/Passport_Diary","https:\/\/instagram.com\/passportdiary\/","https:\/\/www.pinterest.de\/passportdiary\/","https:\/\/www.youtube.com\/channel\/UCWPAr6xiRtRmhNHEIqueFCg"]}]}},"_links":{"self":[{"href":"https:\/\/passport-diary.com\/en\/wp-json\/wp\/v2\/pages\/21993"}],"collection":[{"href":"https:\/\/passport-diary.com\/en\/wp-json\/wp\/v2\/pages"}],"about":[{"href":"https:\/\/passport-diary.com\/en\/wp-json\/wp\/v2\/types\/page"}],"author":[{"embeddable":true,"href":"https:\/\/passport-diary.com\/en\/wp-json\/wp\/v2\/users\/1"}],"replies":[{"embeddable":true,"href":"https:\/\/passport-diary.com\/en\/wp-json\/wp\/v2\/comments?post=21993"}],"version-history":[{"count":3,"href":"https:\/\/passport-diary.com\/en\/wp-json\/wp\/v2\/pages\/21993\/revisions"}],"predecessor-version":[{"id":22213,"href":"https:\/\/passport-diary.com\/en\/wp-json\/wp\/v2\/pages\/21993\/revisions\/22213"}],"wp:attachment":[{"href":"https:\/\/passport-diary.com\/en\/wp-json\/wp\/v2\/media?parent=21993"}],"curies":[{"name":"wp","href":"https:\/\/api.w.org\/{rel}","templated":true}]}}